{"id":304,"date":"2017-10-05T15:57:24","date_gmt":"2017-10-05T18:57:24","guid":{"rendered":"https:\/\/eephcfmusp.org.br\/portal\/?page_id=304"},"modified":"2024-03-13T11:37:30","modified_gmt":"2024-03-13T14:37:30","slug":"editais","status":"publish","type":"page","link":"https:\/\/hcxfmusp.org.br\/portal\/editais\/","title":{"rendered":"Editais"},"content":{"rendered":"\t\t<div data-elementor-type=\"wp-page\" data-elementor-id=\"304\" class=\"elementor elementor-304\" data-elementor-settings=\"{&quot;ha_cmc_init_switcher&quot;:&quot;no&quot;}\" data-elementor-post-type=\"page\">\n\t\t\t\t<div class=\"elementor-element elementor-element-12153495 e-con-full e-flex e-con e-parent\" data-id=\"12153495\" data-element_type=\"container\" data-e-type=\"container\" data-settings=\"{&quot;_ha_eqh_enable&quot;:false}\">\n\t\t\t\t<div class=\"elementor-element elementor-element-1ac4c78f elementor--h-position-center elementor--v-position-middle elementor-arrows-position-inside elementor-pagination-position-inside elementor-widget elementor-widget-slides\" data-id=\"1ac4c78f\" data-element_type=\"widget\" data-e-type=\"widget\" data-settings=\"{&quot;navigation&quot;:&quot;both&quot;,&quot;autoplay&quot;:&quot;yes&quot;,&quot;pause_on_hover&quot;:&quot;yes&quot;,&quot;pause_on_interaction&quot;:&quot;yes&quot;,&quot;autoplay_speed&quot;:5000,&quot;infinite&quot;:&quot;yes&quot;,&quot;transition&quot;:&quot;slide&quot;,&quot;transition_speed&quot;:500}\" data-widget_type=\"slides.default\">\n\t\t\t\t<div class=\"elementor-widget-container\">\n\t\t\t\t\t\t\t\t\t<div class=\"elementor-swiper\">\n\t\t\t\t\t<div class=\"elementor-slides-wrapper elementor-main-swiper swiper\" role=\"region\" aria-roledescription=\"carousel\" aria-label=\"Slides\" dir=\"ltr\" data-animation=\"fadeInUp\">\n\t\t\t\t<div class=\"swiper-wrapper elementor-slides\">\n\t\t\t\t\t\t\t\t\t\t<div class=\"elementor-repeater-item-cc92375 swiper-slide\" role=\"group\" aria-roledescription=\"slide\"><div class=\"swiper-slide-bg\" role=\"img\" aria-label=\"sobre-nos2.png\"><\/div><div class=\"swiper-slide-inner\" ><div class=\"swiper-slide-contents\"><div class=\"elementor-slide-heading\">EDITAIS<\/div><\/div><\/div><\/div>\t\t\t\t<\/div>\n\t\t\t\t\t\t\t<\/div>\n\t\t\t\t<\/div>\n\t\t\t\t\t\t\t\t<\/div>\n\t\t\t\t<\/div>\n\t\t\t\t<\/div>\n\t\t<div class=\"elementor-element elementor-element-36a60613 e-flex e-con-boxed e-con e-parent\" data-id=\"36a60613\" data-element_type=\"container\" data-e-type=\"container\" data-settings=\"{&quot;_ha_eqh_enable&quot;:false}\">\n\t\t\t\t\t<div class=\"e-con-inner\">\n\t\t\t\t<div class=\"elementor-element elementor-element-1c692d69 elementor-widget elementor-widget-spacer\" data-id=\"1c692d69\" data-element_type=\"widget\" data-e-type=\"widget\" data-widget_type=\"spacer.default\">\n\t\t\t\t<div class=\"elementor-widget-container\">\n\t\t\t\t\t\t\t<div class=\"elementor-spacer\">\n\t\t\t<div class=\"elementor-spacer-inner\"><\/div>\n\t\t<\/div>\n\t\t\t\t\t\t<\/div>\n\t\t\t\t<\/div>\n\t\t\t\t\t<\/div>\n\t\t\t\t<\/div>\n\t\t<div class=\"elementor-element elementor-element-2db974fc e-flex e-con-boxed e-con e-parent\" data-id=\"2db974fc\" data-element_type=\"container\" data-e-type=\"container\" data-settings=\"{&quot;_ha_eqh_enable&quot;:false}\">\n\t\t\t\t\t<div class=\"e-con-inner\">\n\t\t<div class=\"elementor-element elementor-element-69217992 e-flex e-con-boxed e-con e-child\" data-id=\"69217992\" data-element_type=\"container\" data-e-type=\"container\" data-settings=\"{&quot;_ha_eqh_enable&quot;:false}\">\n\t\t\t\t\t<div class=\"e-con-inner\">\n\t\t\t\t<div class=\"elementor-element elementor-element-33c40b00 elementor-align-center elementor-icon-list--layout-traditional elementor-list-item-link-full_width elementor-widget elementor-widget-icon-list\" data-id=\"33c40b00\" data-element_type=\"widget\" data-e-type=\"widget\" data-widget_type=\"icon-list.default\">\n\t\t\t\t<div class=\"elementor-widget-container\">\n\t\t\t\t\t\t\t<ul class=\"elementor-icon-list-items\">\n\t\t\t\t\t\t\t<li class=\"elementor-icon-list-item\">\n\t\t\t\t\t\t\t\t\t\t\t<span class=\"elementor-icon-list-icon\">\n\t\t\t\t\t\t\t<svg aria-hidden=\"true\" class=\"e-font-icon-svg e-fas-arrow-circle-right\" viewBox=\"0 0 512 512\" xmlns=\"http:\/\/www.w3.org\/2000\/svg\"><path d=\"M256 8c137 0 248 111 248 248S393 504 256 504 8 393 8 256 119 8 256 8zm-28.9 143.6l75.5 72.4H120c-13.3 0-24 10.7-24 24v16c0 13.3 10.7 24 24 24h182.6l-75.5 72.4c-9.7 9.3-9.9 24.8-.4 34.3l11 10.9c9.4 9.4 24.6 9.4 33.9 0L404.3 273c9.4-9.4 9.4-24.6 0-33.9L271.6 106.3c-9.4-9.4-24.6-9.4-33.9 0l-11 10.9c-9.5 9.6-9.3 25.1.4 34.4z\"><\/path><\/svg>\t\t\t\t\t\t<\/span>\n\t\t\t\t\t\t\t\t\t\t<span class=\"elementor-icon-list-text\">HCX FMUSP<\/span>\n\t\t\t\t\t\t\t\t\t<\/li>\n\t\t\t\t\t\t<\/ul>\n\t\t\t\t\t\t<\/div>\n\t\t\t\t<\/div>\n\t\t\t\t<div class=\"elementor-element elementor-element-5428bc67 elementor-widget elementor-widget-spacer\" data-id=\"5428bc67\" data-element_type=\"widget\" data-e-type=\"widget\" data-widget_type=\"spacer.default\">\n\t\t\t\t<div class=\"elementor-widget-container\">\n\t\t\t\t\t\t\t<div class=\"elementor-spacer\">\n\t\t\t<div class=\"elementor-spacer-inner\"><\/div>\n\t\t<\/div>\n\t\t\t\t\t\t<\/div>\n\t\t\t\t<\/div>\n\t\t\t\t\t<\/div>\n\t\t\t\t<\/div>\n\t\t\t\t\t<\/div>\n\t\t\t\t<\/div>\n\t\t<div class=\"elementor-element elementor-element-52b23522 e-flex e-con-boxed e-con e-parent\" data-id=\"52b23522\" data-element_type=\"container\" data-e-type=\"container\" data-settings=\"{&quot;_ha_eqh_enable&quot;:false}\">\n\t\t\t\t\t<div class=\"e-con-inner\">\n\t\t\t\t<div class=\"elementor-element elementor-element-3188af33 elementor-widget elementor-widget-eael-adv-tabs\" data-id=\"3188af33\" data-element_type=\"widget\" data-e-type=\"widget\" data-widget_type=\"eael-adv-tabs.default\">\n\t\t\t\t<div class=\"elementor-widget-container\">\n\t\t\t\t\t        <div data-scroll-on-click=\"no\" data-scroll-speed=\"300\" id=\"eael-advance-tabs-3188af33\" class=\"eael-advance-tabs eael-tabs-vertical eael-tab-auto-active eael-tab-toggle responsive-vertical-layout\" data-tabid=\"3188af33\" data-custom-id-offset=\"2\">\n            <div class=\"eael-tabs-nav \">\n                <ul class=\"eael-tab-inline-icon\" role=\"tablist\">\n                                            <li id=\"programas\" class=\"inactive eael-tab-item-trigger eael-tab-nav-item\" aria-selected=\"true\" data-tab=\"1\" role=\"tab\" tabindex=\"0\" aria-controls=\"programas-tab\" aria-expanded=\"false\">\n                                                            <span class=\"eael-tab-title title-before-icon\" >Programas<\/span>                            \n                                                                <svg class=\"e-font-icon-svg e-fas-home\" viewBox=\"0 0 576 512\" xmlns=\"http:\/\/www.w3.org\/2000\/svg\"><path d=\"M280.37 148.26L96 300.11V464a16 16 0 0 0 16 16l112.06-.29a16 16 0 0 0 15.92-16V368a16 16 0 0 1 16-16h64a16 16 0 0 1 16 16v95.64a16 16 0 0 0 16 16.05L464 480a16 16 0 0 0 16-16V300L295.67 148.26a12.19 12.19 0 0 0-15.3 0zM571.6 251.47L488 182.56V44.05a12 12 0 0 0-12-12h-56a12 12 0 0 0-12 12v72.61L318.47 43a48 48 0 0 0-61 0L4.34 251.47a12 12 0 0 0-1.6 16.9l25.5 31A12 12 0 0 0 45.15 301l235.22-193.74a12.19 12.19 0 0 1 15.3 0L530.9 301a12 12 0 0 0 16.9-1.6l25.5-31a12 12 0 0 0-1.7-16.93z\"><\/path><\/svg>                                                            \n                            \n                                                    <\/li>\n                                            <li id=\"contato\" class=\"inactive eael-tab-item-trigger eael-tab-nav-item\" aria-selected=\"false\" data-tab=\"2\" role=\"tab\" tabindex=\"-1\" aria-controls=\"contato-tab\" aria-expanded=\"false\">\n                                                            <span class=\"eael-tab-title title-before-icon\" >Contato<\/span>                            \n                                                                <svg class=\"e-font-icon-svg e-fas-home\" viewBox=\"0 0 576 512\" xmlns=\"http:\/\/www.w3.org\/2000\/svg\"><path d=\"M280.37 148.26L96 300.11V464a16 16 0 0 0 16 16l112.06-.29a16 16 0 0 0 15.92-16V368a16 16 0 0 1 16-16h64a16 16 0 0 1 16 16v95.64a16 16 0 0 0 16 16.05L464 480a16 16 0 0 0 16-16V300L295.67 148.26a12.19 12.19 0 0 0-15.3 0zM571.6 251.47L488 182.56V44.05a12 12 0 0 0-12-12h-56a12 12 0 0 0-12 12v72.61L318.47 43a48 48 0 0 0-61 0L4.34 251.47a12 12 0 0 0-1.6 16.9l25.5 31A12 12 0 0 0 45.15 301l235.22-193.74a12.19 12.19 0 0 1 15.3 0L530.9 301a12 12 0 0 0 16.9-1.6l25.5-31a12 12 0 0 0-1.7-16.93z\"><\/path><\/svg>                                                            \n                            \n                                                    <\/li>\n                    \n                                  <\/ul>\n            <\/div>\n            \n            <div class=\"eael-tabs-content\">\n\t\t        \n                    <div id=\"programas-tab\" class=\"clearfix eael-tab-content-item inactive\" data-title-link=\"programas-tab\">\n\t\t\t\t        <p>\u00a0<\/p><p><img fetchpriority=\"high\" decoding=\"async\" class=\"alignnone wp-image-6139 size-full\" src=\"https:\/\/hcxfmusp.org.br\/portal\/wp-content\/uploads\/2024\/03\/editais-e-publicacoes-1024x328-1.png\" alt=\"\" width=\"1024\" height=\"328\" srcset=\"https:\/\/hcxfmusp.org.br\/portal\/wp-content\/uploads\/2024\/03\/editais-e-publicacoes-1024x328-1.png 1024w, https:\/\/hcxfmusp.org.br\/portal\/wp-content\/uploads\/2024\/03\/editais-e-publicacoes-1024x328-1-300x96.png 300w, https:\/\/hcxfmusp.org.br\/portal\/wp-content\/uploads\/2024\/03\/editais-e-publicacoes-1024x328-1-768x246.png 768w\" sizes=\"(max-width: 1024px) 100vw, 1024px\" \/><\/p><p>Clique sobre o nome do curso e vamos redirecion\u00e1-lo para mais informa\u00e7\u00f5es:<\/p><h4 class=\"page-title text-info\"><span style=\"font-size: 14pt\"><b class=\"text-info\"><a href=\"\/portal\/capacitacao-de-estrangeiros-pcpme\/\" target=\"_blank\" rel=\"noopener\">Programa de Capacita\u00e7\u00e3o Profissional para M\u00e9dicos Estrangeiros &#8211; PCPME<\/a><\/b><\/span><\/h4><h4 class=\"page-title text-info\"><span style=\"font-size: 14pt\"><b class=\"text-info\"><a href=\"\/portal\/pap\/\" target=\"_blank\" rel=\"noopener\">Programa de Aprimoramento Profissional (PAP)<\/a><\/b><\/span><\/h4><h4 class=\"page-title text-info\"><span style=\"font-size: 14pt\"><b class=\"text-info\"><a href=\"\/portal\/residencia-multiprofissional\/\" target=\"_blank\" rel=\"noopener\">Programa de Resid\u00eancia Multiprofissionais<\/a><\/b><\/span><\/h4><h4 class=\"page-title text-info\"><span style=\"font-size: 14pt\"><b class=\"text-info\"><a href=\"\/portal\/tecnico\/\" target=\"_blank\" rel=\"noopener\">Cursos T\u00e9cnicos<\/a><\/b><\/span><\/h4>                    <\/div>\n\t\t        \n                    <div id=\"contato-tab\" class=\"clearfix eael-tab-content-item inactive\" data-title-link=\"contato-tab\">\n\t\t\t\t        <p><img decoding=\"async\" class=\"alignnone wp-image-6219 size-large\" src=\"https:\/\/hcxfmusp.org.br\/portal\/wp-content\/uploads\/2024\/02\/contato-2-1024x328.png\" alt=\"\" width=\"800\" height=\"256\" \/><\/p><p>\u00a0<\/p><p><strong>HCX Fmusp<\/strong><br \/>Rua Dr. Ov\u00eddio Pires de Campos, 471 \u2013 Cerqueira Cesar \u2013 SP<br \/>Tel.: (11) 2661-7025<br \/>E-mail: atendimento.hcx@hc.fm.usp.br<\/p>                    <\/div>\n\t\t                    <\/div>\n        <\/div>\n\t\t\t\t<\/div>\n\t\t\t\t<\/div>\n\t\t\t\t\t<\/div>\n\t\t\t\t<\/div>\n\t\t<div class=\"elementor-element elementor-element-5404f032 e-flex e-con-boxed e-con e-parent\" data-id=\"5404f032\" data-element_type=\"container\" data-e-type=\"container\" data-settings=\"{&quot;_ha_eqh_enable&quot;:false}\">\n\t\t\t\t\t<div class=\"e-con-inner\">\n\t\t\t\t<div class=\"elementor-element elementor-element-3d4a0842 elementor-widget elementor-widget-spacer\" data-id=\"3d4a0842\" data-element_type=\"widget\" data-e-type=\"widget\" data-widget_type=\"spacer.default\">\n\t\t\t\t<div class=\"elementor-widget-container\">\n\t\t\t\t\t\t\t<div class=\"elementor-spacer\">\n\t\t\t<div class=\"elementor-spacer-inner\"><\/div>\n\t\t<\/div>\n\t\t\t\t\t\t<\/div>\n\t\t\t\t<\/div>\n\t\t\t\t\t<\/div>\n\t\t\t\t<\/div>\n\t\t\t\t<\/div>\n\t\t","protected":false},"excerpt":{"rendered":"<p>EDITAIS HCX FMUSP Programas Contato Clique sobre o nome do curso e vamos redirecion\u00e1-lo para mais informa\u00e7\u00f5es: Programa de Capacita\u00e7\u00e3o Profissional para M\u00e9dicos Estrangeiros &#8211; PCPME Programa de Aprimoramento Profissional (PAP) Programa de Resid\u00eancia Multiprofissionais Cursos T\u00e9cnicos HCX Fmusp Rua Dr. Ov\u00eddio Pires de Campos, 471 \u2013 Cerqueira Cesar \u2013 SP Tel.: (11) 2661-7025 E-mail: [&hellip;]<\/p>\n","protected":false},"author":25,"featured_media":0,"parent":0,"menu_order":0,"comment_status":"closed","ping_status":"closed","template":"elementor_header_footer","meta":{"footnotes":""},"class_list":["post-304","page","type-page","status-publish","hentry"],"yoast_head":"<!-- This site is optimized with the Yoast SEO Premium plugin v23.5 (Yoast SEO v23.5) - https:\/\/yoast.com\/wordpress\/plugins\/seo\/ -->\n<title>Editais - Portal HCX Fmusp<\/title>\n<meta name=\"description\" content=\"Confira os editais do HCX FMUSP, centro de aprendizagem do Hospital das Cl\u00ednicas da USP. Experi\u00eancia e Ensino.\" \/>\n<meta name=\"robots\" content=\"index, follow, max-snippet:-1, max-image-preview:large, max-video-preview:-1\" \/>\n<link rel=\"canonical\" href=\"https:\/\/hcxfmusp.org.br\/portal\/editais\/\" \/>\n<meta property=\"og:locale\" content=\"pt_BR\" \/>\n<meta property=\"og:type\" content=\"article\" \/>\n<meta property=\"og:title\" content=\"Editais\" \/>\n<meta property=\"og:description\" content=\"Confira os editais do HCX FMUSP, centro de aprendizagem do Hospital das Cl\u00ednicas da USP. Experi\u00eancia e Ensino.\" \/>\n<meta property=\"og:url\" content=\"https:\/\/hcxfmusp.org.br\/portal\/editais\/\" \/>\n<meta property=\"og:site_name\" content=\"HCX - Portal\" \/>\n<meta property=\"article:publisher\" content=\"https:\/\/www.facebook.com\/hcxfmusp\" \/>\n<meta property=\"article:modified_time\" content=\"2024-03-13T14:37:30+00:00\" \/>\n<meta property=\"og:image\" content=\"https:\/\/eephcfmusp.org.br\/portal\/wp-content\/uploads\/2024\/03\/editais-e-publicacoes-1024x328-1.png\" \/>\n<meta name=\"twitter:card\" content=\"summary_large_image\" \/>\n<meta name=\"twitter:label1\" content=\"Est. tempo de leitura\" \/>\n\t<meta name=\"twitter:data1\" content=\"1 minuto\" \/>\n<script type=\"application\/ld+json\" class=\"yoast-schema-graph\">{\"@context\":\"https:\/\/schema.org\",\"@graph\":[{\"@type\":\"WebPage\",\"@id\":\"https:\/\/hcxfmusp.org.br\/portal\/editais\/\",\"url\":\"https:\/\/hcxfmusp.org.br\/portal\/editais\/\",\"name\":\"Editais - Portal HCX Fmusp\",\"isPartOf\":{\"@id\":\"https:\/\/hcxfmusp.org.br\/portal\/#website\"},\"primaryImageOfPage\":{\"@id\":\"https:\/\/hcxfmusp.org.br\/portal\/editais\/#primaryimage\"},\"image\":{\"@id\":\"https:\/\/hcxfmusp.org.br\/portal\/editais\/#primaryimage\"},\"thumbnailUrl\":\"https:\/\/eephcfmusp.org.br\/portal\/wp-content\/uploads\/2024\/03\/editais-e-publicacoes-1024x328-1.png\",\"datePublished\":\"2017-10-05T18:57:24+00:00\",\"dateModified\":\"2024-03-13T14:37:30+00:00\",\"description\":\"Confira os editais do HCX FMUSP, centro de aprendizagem do Hospital das Cl\u00ednicas da USP. Experi\u00eancia e Ensino.\",\"breadcrumb\":{\"@id\":\"https:\/\/hcxfmusp.org.br\/portal\/editais\/#breadcrumb\"},\"inLanguage\":\"pt-BR\",\"potentialAction\":[{\"@type\":\"ReadAction\",\"target\":[\"https:\/\/hcxfmusp.org.br\/portal\/editais\/\"]}]},{\"@type\":\"ImageObject\",\"inLanguage\":\"pt-BR\",\"@id\":\"https:\/\/hcxfmusp.org.br\/portal\/editais\/#primaryimage\",\"url\":\"https:\/\/eephcfmusp.org.br\/portal\/wp-content\/uploads\/2024\/03\/editais-e-publicacoes-1024x328-1.png\",\"contentUrl\":\"https:\/\/eephcfmusp.org.br\/portal\/wp-content\/uploads\/2024\/03\/editais-e-publicacoes-1024x328-1.png\"},{\"@type\":\"BreadcrumbList\",\"@id\":\"https:\/\/hcxfmusp.org.br\/portal\/editais\/#breadcrumb\",\"itemListElement\":[{\"@type\":\"ListItem\",\"position\":1,\"name\":\"In\u00edcio\",\"item\":\"https:\/\/hcxfmusp.org.br\/portal\/\"},{\"@type\":\"ListItem\",\"position\":2,\"name\":\"Editais\"}]},{\"@type\":\"WebSite\",\"@id\":\"https:\/\/hcxfmusp.org.br\/portal\/#website\",\"url\":\"https:\/\/hcxfmusp.org.br\/portal\/\",\"name\":\"Portal\",\"description\":\"Portal - HCX Fmusp\",\"publisher\":{\"@id\":\"https:\/\/hcxfmusp.org.br\/portal\/#organization\"},\"potentialAction\":[{\"@type\":\"SearchAction\",\"target\":{\"@type\":\"EntryPoint\",\"urlTemplate\":\"https:\/\/hcxfmusp.org.br\/portal\/?s={search_term_string}\"},\"query-input\":{\"@type\":\"PropertyValueSpecification\",\"valueRequired\":true,\"valueName\":\"search_term_string\"}}],\"inLanguage\":\"pt-BR\"},{\"@type\":\"Organization\",\"@id\":\"https:\/\/hcxfmusp.org.br\/portal\/#organization\",\"name\":\"HCX Fmusp\",\"url\":\"https:\/\/hcxfmusp.org.br\/portal\/\",\"logo\":{\"@type\":\"ImageObject\",\"inLanguage\":\"pt-BR\",\"@id\":\"https:\/\/hcxfmusp.org.br\/portal\/#\/schema\/logo\/image\/\",\"url\":\"https:\/\/hcxfmusp.org.br\/portal\/wp-content\/uploads\/2024\/03\/logo-hcx-fmusp.png\",\"contentUrl\":\"https:\/\/hcxfmusp.org.br\/portal\/wp-content\/uploads\/2024\/03\/logo-hcx-fmusp.png\",\"width\":879,\"height\":384,\"caption\":\"HCX Fmusp\"},\"image\":{\"@id\":\"https:\/\/hcxfmusp.org.br\/portal\/#\/schema\/logo\/image\/\"},\"sameAs\":[\"https:\/\/www.facebook.com\/hcxfmusp\",\"https:\/\/www.instagram.com\/hcxfmusp\",\"https:\/\/www.linkedin.com\/company\/hcxfmusp\",\"https:\/\/www.youtube.com\/@hcxfmusp\"]}]}<\/script>\n<!-- \/ Yoast SEO Premium plugin. -->","yoast_head_json":{"title":"Editais - Portal HCX Fmusp","description":"Confira os editais do HCX FMUSP, centro de aprendizagem do Hospital das Cl\u00ednicas da USP. Experi\u00eancia e Ensino.","robots":{"index":"index","follow":"follow","max-snippet":"max-snippet:-1","max-image-preview":"max-image-preview:large","max-video-preview":"max-video-preview:-1"},"canonical":"https:\/\/hcxfmusp.org.br\/portal\/editais\/","og_locale":"pt_BR","og_type":"article","og_title":"Editais","og_description":"Confira os editais do HCX FMUSP, centro de aprendizagem do Hospital das Cl\u00ednicas da USP. Experi\u00eancia e Ensino.","og_url":"https:\/\/hcxfmusp.org.br\/portal\/editais\/","og_site_name":"HCX - Portal","article_publisher":"https:\/\/www.facebook.com\/hcxfmusp","article_modified_time":"2024-03-13T14:37:30+00:00","og_image":[{"url":"https:\/\/eephcfmusp.org.br\/portal\/wp-content\/uploads\/2024\/03\/editais-e-publicacoes-1024x328-1.png"}],"twitter_card":"summary_large_image","twitter_misc":{"Est. tempo de leitura":"1 minuto"},"schema":{"@context":"https:\/\/schema.org","@graph":[{"@type":"WebPage","@id":"https:\/\/hcxfmusp.org.br\/portal\/editais\/","url":"https:\/\/hcxfmusp.org.br\/portal\/editais\/","name":"Editais - Portal HCX Fmusp","isPartOf":{"@id":"https:\/\/hcxfmusp.org.br\/portal\/#website"},"primaryImageOfPage":{"@id":"https:\/\/hcxfmusp.org.br\/portal\/editais\/#primaryimage"},"image":{"@id":"https:\/\/hcxfmusp.org.br\/portal\/editais\/#primaryimage"},"thumbnailUrl":"https:\/\/eephcfmusp.org.br\/portal\/wp-content\/uploads\/2024\/03\/editais-e-publicacoes-1024x328-1.png","datePublished":"2017-10-05T18:57:24+00:00","dateModified":"2024-03-13T14:37:30+00:00","description":"Confira os editais do HCX FMUSP, centro de aprendizagem do Hospital das Cl\u00ednicas da USP. Experi\u00eancia e Ensino.","breadcrumb":{"@id":"https:\/\/hcxfmusp.org.br\/portal\/editais\/#breadcrumb"},"inLanguage":"pt-BR","potentialAction":[{"@type":"ReadAction","target":["https:\/\/hcxfmusp.org.br\/portal\/editais\/"]}]},{"@type":"ImageObject","inLanguage":"pt-BR","@id":"https:\/\/hcxfmusp.org.br\/portal\/editais\/#primaryimage","url":"https:\/\/eephcfmusp.org.br\/portal\/wp-content\/uploads\/2024\/03\/editais-e-publicacoes-1024x328-1.png","contentUrl":"https:\/\/eephcfmusp.org.br\/portal\/wp-content\/uploads\/2024\/03\/editais-e-publicacoes-1024x328-1.png"},{"@type":"BreadcrumbList","@id":"https:\/\/hcxfmusp.org.br\/portal\/editais\/#breadcrumb","itemListElement":[{"@type":"ListItem","position":1,"name":"In\u00edcio","item":"https:\/\/hcxfmusp.org.br\/portal\/"},{"@type":"ListItem","position":2,"name":"Editais"}]},{"@type":"WebSite","@id":"https:\/\/hcxfmusp.org.br\/portal\/#website","url":"https:\/\/hcxfmusp.org.br\/portal\/","name":"Portal","description":"Portal - HCX Fmusp","publisher":{"@id":"https:\/\/hcxfmusp.org.br\/portal\/#organization"},"potentialAction":[{"@type":"SearchAction","target":{"@type":"EntryPoint","urlTemplate":"https:\/\/hcxfmusp.org.br\/portal\/?s={search_term_string}"},"query-input":{"@type":"PropertyValueSpecification","valueRequired":true,"valueName":"search_term_string"}}],"inLanguage":"pt-BR"},{"@type":"Organization","@id":"https:\/\/hcxfmusp.org.br\/portal\/#organization","name":"HCX Fmusp","url":"https:\/\/hcxfmusp.org.br\/portal\/","logo":{"@type":"ImageObject","inLanguage":"pt-BR","@id":"https:\/\/hcxfmusp.org.br\/portal\/#\/schema\/logo\/image\/","url":"https:\/\/hcxfmusp.org.br\/portal\/wp-content\/uploads\/2024\/03\/logo-hcx-fmusp.png","contentUrl":"https:\/\/hcxfmusp.org.br\/portal\/wp-content\/uploads\/2024\/03\/logo-hcx-fmusp.png","width":879,"height":384,"caption":"HCX Fmusp"},"image":{"@id":"https:\/\/hcxfmusp.org.br\/portal\/#\/schema\/logo\/image\/"},"sameAs":["https:\/\/www.facebook.com\/hcxfmusp","https:\/\/www.instagram.com\/hcxfmusp","https:\/\/www.linkedin.com\/company\/hcxfmusp","https:\/\/www.youtube.com\/@hcxfmusp"]}]}},"_links":{"self":[{"href":"https:\/\/hcxfmusp.org.br\/portal\/wp-json\/wp\/v2\/pages\/304","targetHints":{"allow":["GET"]}}],"collection":[{"href":"https:\/\/hcxfmusp.org.br\/portal\/wp-json\/wp\/v2\/pages"}],"about":[{"href":"https:\/\/hcxfmusp.org.br\/portal\/wp-json\/wp\/v2\/types\/page"}],"author":[{"embeddable":true,"href":"https:\/\/hcxfmusp.org.br\/portal\/wp-json\/wp\/v2\/users\/25"}],"replies":[{"embeddable":true,"href":"https:\/\/hcxfmusp.org.br\/portal\/wp-json\/wp\/v2\/comments?post=304"}],"version-history":[{"count":14,"href":"https:\/\/hcxfmusp.org.br\/portal\/wp-json\/wp\/v2\/pages\/304\/revisions"}],"predecessor-version":[{"id":6577,"href":"https:\/\/hcxfmusp.org.br\/portal\/wp-json\/wp\/v2\/pages\/304\/revisions\/6577"}],"wp:attachment":[{"href":"https:\/\/hcxfmusp.org.br\/portal\/wp-json\/wp\/v2\/media?parent=304"}],"curies":[{"name":"wp","href":"https:\/\/api.w.org\/{rel}","templated":true}]}}